{"id":6559,"date":"2019-01-17T19:29:04","date_gmt":"2019-01-17T18:29:04","guid":{"rendered":"https:\/\/www.nadaciapontis.sk\/?page_id=6559"},"modified":"2025-01-23T13:07:21","modified_gmt":"2025-01-23T12:07:21","slug":"history","status":"publish","type":"page","link":"https:\/\/www.nadaciapontis.sk\/en\/history\/","title":{"rendered":"History"},"content":{"rendered":"<h1 style=\"text-align: center;\">OUR HISTORY<\/h1>\n<p style=\"text-align: center;\">This is how we have grown and evolved so far:<\/p>\n<h3 style=\"text-align: center;\"><strong><span style=\"color: #de0202;\">1997<\/span><\/strong><\/h3>\n<p style=\"text-align: center;\">The Civil Society Foundation is established.<\/p>\n<h3 style=\"text-align: center;\"><strong><span style=\"color: #de0202;\">1998<\/span><\/strong><\/h3>\n<p style=\"text-align: center;\">We organise the first year of <a href=\"https:\/\/www.nadaciapontis.sk\/en\/projekty\/via-bona-slovakia\/about-via-bona\/\" target=\"_blank\" rel=\"noopener\">Via Bona Slovakia<\/a> Awards and motivational campaign Rock the Vote (Rock Volieb) at the occasion of the &#8217;98 parliament election.<\/p>\n<div id=\"attachment_6226\" style=\"width: 800px\" class=\"wp-caption aligncenter\"><img loading=\"lazy\" decoding=\"async\" aria-describedby=\"caption-attachment-6226\" class=\"wp-image-6226 size-full\" src=\"https:\/\/www.nadaciapontis.sk\/wp-content\/uploads\/2019\/01\/rockvolieb.png\" alt=\"\" width=\"790\" height=\"483\" srcset=\"https:\/\/www.nadaciapontis.sk\/wp-content\/uploads\/2019\/01\/rockvolieb.png 790w, https:\/\/www.nadaciapontis.sk\/wp-content\/uploads\/2019\/01\/rockvolieb-768x470.png 768w\" sizes=\"auto, (max-width: 790px) 100vw, 790px\" \/><\/p>\n<p id=\"caption-attachment-6226\" class=\"wp-caption-text\">Due to the Rock the Vote (Rock Volieb) election campaign, the number of first-time voters increased by 60% compared to previous elections.<\/p>\n<\/div>\n<h3 style=\"text-align: center;\"><strong><span style=\"color: #de0202;\">2001<\/span><\/strong><\/h3>\n<p style=\"text-align: center;\">We transform and change our name to the &#8220;Pontis Foundation&#8221;.<\/p>\n<h3 style=\"text-align: center;\"><strong><span style=\"color: #de0202;\">2003<\/span><\/strong><\/h3>\n<p style=\"text-align: center;\">The first endowment funds are established.<\/p>\n<div id=\"attachment_6227\" style=\"width: 800px\" class=\"wp-caption aligncenter\"><img loading=\"lazy\" decoding=\"async\" aria-describedby=\"caption-attachment-6227\" class=\"wp-image-6227 size-full\" src=\"https:\/\/www.nadaciapontis.sk\/wp-content\/uploads\/2019\/01\/kubaa3.jpg\" alt=\"\" width=\"790\" height=\"408\" srcset=\"https:\/\/www.nadaciapontis.sk\/wp-content\/uploads\/2019\/01\/kubaa3.jpg 790w, https:\/\/www.nadaciapontis.sk\/wp-content\/uploads\/2019\/01\/kubaa3-768x397.jpg 768w\" sizes=\"auto, (max-width: 790px) 100vw, 790px\" \/><\/p>\n<p id=\"caption-attachment-6227\" class=\"wp-caption-text\">Cuban dissident Oswald Paya during his visit to Slovakia.<\/p>\n<\/div>\n<h3 style=\"text-align: center;\"><strong><span style=\"color: #de0202;\">2004<\/span><\/strong><\/h3>\n<p style=\"text-align: center;\">We found the <a href=\"https:\/\/www.blf.sk\/en\/blf\/\" target=\"_blank\" rel=\"noopener\">Business Leaders Forum<\/a> and organise the first Corporate Responsibility Conference (today&#8217;s <a href=\"https:\/\/www.blfsummit.sk\/en\/\" target=\"_blank\" rel=\"noopener\">BLF Summit<\/a>).<\/p>\n<h3 style=\"text-align: center;\"><strong><span style=\"color: #de0202;\">2007<\/span><\/strong><\/h3>\n<p style=\"text-align: center;\">We organise the first corporate volunteering event &#8220;<a href=\"https:\/\/www.nadaciapontis.sk\/en\/projekty\/our-city\/\" target=\"_blank\" rel=\"noopener\">Our Town<\/a>&#8221; (then called &#8220;Our Bratislava&#8221;).<\/p>\n<div id=\"attachment_6231\" style=\"width: 800px\" class=\"wp-caption aligncenter\"><img loading=\"lazy\" decoding=\"async\" aria-describedby=\"caption-attachment-6231\" class=\"wp-image-6231 size-full\" src=\"https:\/\/www.nadaciapontis.sk\/wp-content\/uploads\/2019\/01\/nasemestostara.jpg\" alt=\"\" width=\"790\" height=\"439\" srcset=\"https:\/\/www.nadaciapontis.sk\/wp-content\/uploads\/2019\/01\/nasemestostara.jpg 790w, https:\/\/www.nadaciapontis.sk\/wp-content\/uploads\/2019\/01\/nasemestostara-768x427.jpg 768w\" sizes=\"auto, (max-width: 790px) 100vw, 790px\" \/><\/p>\n<p id=\"caption-attachment-6231\" class=\"wp-caption-text\">\u201cOur Bratislava\u201c transformed into an event called \u201cOur Town\u201c, the biggest corporate volunteering event in Slovakia.<\/p>\n<\/div>\n<h3 style=\"text-align: center;\"><strong><span style=\"color: #de0202;\">2008<\/span><\/strong><\/h3>\n<p style=\"text-align: center;\">We hold the first year of the Corporate Philanthropy Forum.<\/p>\n<div id=\"attachment_6230\" style=\"width: 800px\" class=\"wp-caption aligncenter\"><img loading=\"lazy\" decoding=\"async\" aria-describedby=\"caption-attachment-6230\" class=\"wp-image-6230 size-full\" src=\"https:\/\/www.nadaciapontis.sk\/wp-content\/uploads\/2019\/01\/fff-1.jpg\" alt=\"\" width=\"790\" height=\"431\" srcset=\"https:\/\/www.nadaciapontis.sk\/wp-content\/uploads\/2019\/01\/fff-1.jpg 790w, https:\/\/www.nadaciapontis.sk\/wp-content\/uploads\/2019\/01\/fff-1-768x419.jpg 768w\" sizes=\"auto, (max-width: 790px) 100vw, 790px\" \/><\/p>\n<p id=\"caption-attachment-6230\" class=\"wp-caption-text\">The Corporate Philanthropy Forum was first held in 2008.<\/p>\n<\/div>\n<h3 style=\"text-align: center;\"><strong><span style=\"color: #de0202;\">2010<\/span><\/strong><\/h3>\n<p style=\"text-align: center;\">We launch the first development cooperation project in Kenya and an individual donation programme called DobraKrajina.sk.<\/p>\n<h3 style=\"text-align: center;\"><strong><span style=\"color: #de0202;\">2011<\/span><\/strong><\/h3>\n<p style=\"text-align: center;\">We launch the Pro Bono Attorneys initiative and the Heart for Children charity project.<\/p>\n<div id=\"attachment_6274\" style=\"width: 800px\" class=\"wp-caption aligncenter\"><img loading=\"lazy\" decoding=\"async\" aria-describedby=\"caption-attachment-6274\" class=\"wp-image-6274 size-full\" src=\"https:\/\/www.nadaciapontis.sk\/wp-content\/uploads\/2019\/01\/srdce-pre-deti-bum-094.jpg\" alt=\"\" width=\"790\" height=\"352\" srcset=\"https:\/\/www.nadaciapontis.sk\/wp-content\/uploads\/2019\/01\/srdce-pre-deti-bum-094.jpg 790w, https:\/\/www.nadaciapontis.sk\/wp-content\/uploads\/2019\/01\/srdce-pre-deti-bum-094-768x342.jpg 768w\" sizes=\"auto, (max-width: 790px) 100vw, 790px\" \/><\/p>\n<p id=\"caption-attachment-6274\" class=\"wp-caption-text\">The aim of the Heart for Children project is to help improve lives of children with serious health and social disadvantages.<\/p>\n<\/div>\n<h3 style=\"text-align: center;\"><strong><span style=\"color: #de0202;\">2012<\/span><\/strong><\/h3>\n<p style=\"text-align: center;\">We organise the first edition of the Development and Democracy International Conference and establish the Fund for Transparent Slovakia.<\/p>\n<h3 style=\"text-align: center;\"><strong><span style=\"color: #de0202;\">2014<\/span><\/strong><\/h3>\n<p style=\"text-align: center;\">We co-found the Association of Corporate Foundations and Funds (ASFIN).<\/p>\n<h3 style=\"text-align: center;\"><strong><span style=\"color: #de0202;\">2015<\/span><\/strong><\/h3>\n<p style=\"text-align: center;\">We create a Map of social innovators who contribute to changing Slovakia for the better.<\/p>\n<div id=\"attachment_6276\" style=\"width: 800px\" class=\"wp-caption aligncenter\"><img loading=\"lazy\" decoding=\"async\" aria-describedby=\"caption-attachment-6276\" class=\"wp-image-6276 size-full\" src=\"https:\/\/www.nadaciapontis.sk\/wp-content\/uploads\/2019\/01\/charta.jpg\" alt=\"\" width=\"790\" height=\"363\" srcset=\"https:\/\/www.nadaciapontis.sk\/wp-content\/uploads\/2019\/01\/charta.jpg 790w, https:\/\/www.nadaciapontis.sk\/wp-content\/uploads\/2019\/01\/charta-768x353.jpg 768w\" sizes=\"auto, (max-width: 790px) 100vw, 790px\" \/><\/p>\n<p id=\"caption-attachment-6276\" class=\"wp-caption-text\">The Business Leaders Forum has become an administrator of the Charter of Diversity Slovakia.<\/p>\n<\/div>\n<h3 style=\"text-align: center;\"><strong><span style=\"color: #de0202;\">2017<\/span><\/strong><\/h3>\n<p style=\"text-align: center;\">We launch the Generation 3.0 programme to promote innovative approaches to education and the <a href=\"https:\/\/www.chartadiverzity.sk\/charta-diverzity-sr\/english-summary\/\" target=\"_blank\" rel=\"noopener\">Diversity Charter<\/a> initiative. We are becoming an ambassador for GivingTuesday, the international good deeds day.<\/p>\n<h3 style=\"text-align: center;\"><strong><span style=\"color: #de0202;\">2018<\/span><\/strong><\/h3>\n<p style=\"text-align: center;\">We launch a unique non-profit accelerator called MentorExpress: Generation 3.0 Accelerator which is designed for non-profit education projects and schools.<\/p>\n<div id=\"attachment_6281\" style=\"width: 800px\" class=\"wp-caption aligncenter\"><img loading=\"lazy\" decoding=\"async\" aria-describedby=\"caption-attachment-6281\" class=\"wp-image-6281 size-full\" src=\"https:\/\/www.nadaciapontis.sk\/wp-content\/uploads\/2019\/01\/akcelerator.jpg\" alt=\"\" width=\"790\" height=\"387\" srcset=\"https:\/\/www.nadaciapontis.sk\/wp-content\/uploads\/2019\/01\/akcelerator.jpg 790w, https:\/\/www.nadaciapontis.sk\/wp-content\/uploads\/2019\/01\/akcelerator-768x376.jpg 768w\" sizes=\"auto, (max-width: 790px) 100vw, 790px\" \/><\/p>\n<p id=\"caption-attachment-6281\" class=\"wp-caption-text\">Finalists and winners of the Generation 3.0 Awards became a part of the pilot year of MentorExpress.<\/p>\n<\/div>\n<h3 style=\"text-align: center;\"><strong><span style=\"color: #de0202;\">2019<\/span><\/strong><\/h3>\n<p style=\"text-align: center;\">From September, the Pontis Foundation has two executive directors. Its leadership is taken over by the current programme directors \u2013 Martina Koles\u00e1rov\u00e1 and Michal Ki\u0161\u0161a. The previous head of the foundation Lenka Surotchak decided to resign from the post of executive director and become a member of the board of directors in autumn.<\/p>\n<div id=\"attachment_9440\" style=\"width: 706px\" class=\"wp-caption aligncenter\"><img loading=\"lazy\" decoding=\"async\" aria-describedby=\"caption-attachment-9440\" class=\"wp-image-9440 \" src=\"https:\/\/www.nadaciapontis.sk\/wp-content\/uploads\/2019\/06\/veciero.jpg\" alt=\"\" width=\"696\" height=\"464\" srcset=\"https:\/\/www.nadaciapontis.sk\/wp-content\/uploads\/2019\/06\/veciero.jpg 1400w, https:\/\/www.nadaciapontis.sk\/wp-content\/uploads\/2019\/06\/veciero-768x512.jpg 768w, https:\/\/www.nadaciapontis.sk\/wp-content\/uploads\/2019\/06\/veciero-1134x756.jpg 1134w\" sizes=\"auto, (max-width: 696px) 100vw, 696px\" \/><\/p>\n<p id=\"caption-attachment-9440\" class=\"wp-caption-text\">Lenka Surotchak has led the Pontis Foundation strategically and executively since 2002.<\/p>\n<\/div>\n<p style=\"text-align: center;\">On the 26th of November 2019, the Pontis Foundation in cooperation with the Town of Trnava presented a unique extra-curricular centre Open Future. In its first year, it opened its doors to 25 children who experienced a world of unknown innovation and technology which they would not be able to access otherwise. The aim is that the centre helps pupils develop different skills, which they acquire by working on their own projects. Top personalities of Slovak business accompany the children throughout the process.<\/p>\n<p><img loading=\"lazy\" decoding=\"async\" class=\"wp-image-10743 aligncenter\" src=\"https:\/\/www.nadaciapontis.sk\/wp-content\/uploads\/2019\/11\/centrum.jpg\" alt=\"\" width=\"706\" height=\"234\" \/><\/p>\n<h3 style=\"text-align: center;\"><strong><span style=\"color: #de0202;\">2020<\/span><\/strong><\/h3>\n<p style=\"text-align: center;\">In cooperation with the Slovak National Centre for Human Rights and the TRIAD agency, we launched an online campaign titled For Nice Mondays. The online campaign aimed to point out the problem of prejudice at work on the part of colleagues and leaders. We have also started to organise informal Impact Talks evening discussions on philanthropy.<\/p>\n<h3 style=\"text-align: center;\"><strong><span style=\"color: #de0202;\">2021<\/span><\/strong><\/h3>\n<p style=\"text-align: center;\">We exchanged the traditional Via Bona Slovakia gala for a unique <a href=\"https:\/\/www.youtube.com\/watch?v=Zixx9SFDWrQ&amp;ab_channel=Nad%C3%A1ciaPontis\">documentary film<\/a> broadcast by RTVS. In it, we presented the concept of responsible entrepreneurship to the general public and highlighted the most inspiring projects of companies. In Zvolen, we opened the second centre of the Open Future programme.<\/p>\n<h3 style=\"text-align: center;\"><strong><span style=\"color: #de0202;\">2022<\/span><\/strong><\/h3>\n<p style=\"text-align: center;\">We celebrated the 25th anniversary of the Pontis Foundation with an event for our people. In addition, we presented the Map of Social Innovators, which we prepared in cooperation with the international organisation Ashoka. There are 461 personalities on it \u2013 starting and established innovators and their business and public administration supporters. They are united by the desire to change Slovakia for the better.<\/p>\n<p><img loading=\"lazy\" decoding=\"async\" class=\"wp-image-28681 size-full aligncenter\" src=\"https:\/\/www.nadaciapontis.sk\/wp-content\/uploads\/2023\/01\/25.png\" alt=\"\" width=\"640\" height=\"451\" \/><\/p>\n<h3 style=\"text-align: center;\"><strong><span style=\"color: #de0202;\">2023<\/span><\/strong><\/h3>\n<p style=\"text-align: center;\">We have launched Impact Lab, a unique programme in Slovakia to support civil society organisations. Over three years, we will redistribute 2,2 million euros to up to 70 organisations from all over Slovakia thanks to European support. The programme includes an incubator for smaller organisations and an accelerator for established organisations. In addition, we have launched a podcast about philanthropic stories called <a href=\"https:\/\/www.nadaciapontis.sk\/en\/news\/irma-and-andrej-kiska-even-good-things-need-marketing-we-are-still-a-little-ashamed-in-slovakia-podcast\/\" target=\"_blank\" rel=\"noopener\">Impact Talks<\/a> in collaboration with Aktuality. In December, we organized the first <a href=\"https:\/\/impactsummit.sk\/en\/\" target=\"_blank\" rel=\"noopener\">Impact Summit<\/a>, an event on social innovation that connects people from civil society, business, and public administration.<\/p>\n<div id=\"attachment_30614\" style=\"width: 778px\" class=\"wp-caption aligncenter\"><a href=\"https:\/\/www.nadaciapontis.sk\/wp-content\/uploads\/2023\/04\/kiskovci-nahravanie_sirka.jpg\"><img loading=\"lazy\" decoding=\"async\" aria-describedby=\"caption-attachment-30614\" class=\"wp-image-30614 size-full\" src=\"https:\/\/www.nadaciapontis.sk\/wp-content\/uploads\/2023\/04\/kiskovci-nahravanie_sirka.jpg\" alt=\"\" width=\"768\" height=\"540\" \/><\/a><\/p>\n<p id=\"caption-attachment-30614\" class=\"wp-caption-text\">The podcast is hosted by Milan Zimn\u00fdkoval and the first guests were Irma Kiskov\u00e1 and Andrej Kiska.<\/p>\n<\/div>\n<h3 style=\"text-align: center;\"><strong><span style=\"color: #de0202;\">2024<\/span><\/strong><\/h3>\n<p style=\"text-align: center;\">We have launched a new Open Future center in Pre\u0161ov and the second year of the Impact Summit event welcomed even more guests than the last one. For the first time, we organised the Impact Talks event in the Eastern Slovakia, in Ko\u0161ice. <span class=\"jCAhz ChMk0b\"><span class=\"ryNqvb\">Together with the Open Society Foundation and the Taipei Representative Office in Slovakia, we helped to rebuild Ukraine.<\/span><\/span> <span class=\"jCAhz ChMk0b\"><span class=\"ryNqvb\">All year we fought to preserve the allocation mechanism for NGOs and to protect democracy.<\/span><\/span><\/p>\n","protected":false},"excerpt":{"rendered":"<p>OUR HISTORY This is how we have&hellip;<\/p>\n","protected":false},"author":1,"featured_media":0,"parent":0,"menu_order":0,"comment_status":"closed","ping_status":"closed","template":"","meta":{"footnotes":""},"class_list":["post-6559","page","type-page","status-publish","hentry"],"acf":[],"_links":{"self":[{"href":"https:\/\/www.nadaciapontis.sk\/en\/wp-json\/wp\/v2\/pages\/6559","targetHints":{"allow":["GET"]}}],"collection":[{"href":"https:\/\/www.nadaciapontis.sk\/en\/wp-json\/wp\/v2\/pages"}],"about":[{"href":"https:\/\/www.nadaciapontis.sk\/en\/wp-json\/wp\/v2\/types\/page"}],"author":[{"embeddable":true,"href":"https:\/\/www.nadaciapontis.sk\/en\/wp-json\/wp\/v2\/users\/1"}],"replies":[{"embeddable":true,"href":"https:\/\/www.nadaciapontis.sk\/en\/wp-json\/wp\/v2\/comments?post=6559"}],"version-history":[{"count":16,"href":"https:\/\/www.nadaciapontis.sk\/en\/wp-json\/wp\/v2\/pages\/6559\/revisions"}],"predecessor-version":[{"id":37833,"href":"https:\/\/www.nadaciapontis.sk\/en\/wp-json\/wp\/v2\/pages\/6559\/revisions\/37833"}],"wp:attachment":[{"href":"https:\/\/www.nadaciapontis.sk\/en\/wp-json\/wp\/v2\/media?parent=6559"}],"curies":[{"name":"wp","href":"https:\/\/api.w.org\/{rel}","templated":true}]}}